{"id":17,"date":"2011-10-18T08:54:18","date_gmt":"2011-10-18T08:54:18","guid":{"rendered":"http:\/\/dev.vosdenemarken.com\/da\/?page_id=17"},"modified":"2019-08-07T16:44:22","modified_gmt":"2019-08-07T14:44:22","slug":"about-us","status":"publish","type":"page","link":"https:\/\/vosdenemarken.com\/da\/about-us\/","title":{"rendered":"About us"},"content":{"rendered":"<h2>Indk\u00f8b af blomster.<\/h2>\n<p>Vi k\u00f8ber vores blomster p\u00e5 blomsteraktionen i Aalsmeer. Det g\u00f8r vi, fordi blomsterudbuddet er st\u00f8rst her, s\u00e5 vi dermed kan tilbyde vores kunder det store udbud. Vi k\u00f8ber ogs\u00e5 vores blomster direkte hos avlerne for at sikre et godt og friskt produkt. Vores blomster bliver altid k\u00f8bt om mandagen og leveret hos vores f\u00f8rste kunde i Danmark inden for 12 timer. P\u00e5 den m\u00e5de kan vi garantere friskhed.<\/p>\n<h2>Fragtvogne.<\/h2>\n<p>Vores fragtvogne er specialbygget og \u2013indrettet til fragt af blomster og planter. Vi anvender den nyeste k\u00f8le- og isoleringsteknik for at kunne bevare produkternes kvalitet hele vejen til kunden.<\/p>\n<h2>Medarbejdere<\/h2>\n<p>Vores medarbejdere er erfarne og vidende mennesker, n\u00e5r det kommer til blomster og planter. Disse mennesker g\u00f8r alt for at r\u00e5dgive kunderne og oplyse dem om de nyeste produkter.<\/p>\n","protected":false},"excerpt":{"rendered":"<p> &hellip; <\/p>\n<div class=\"more-diva-2\"><span class=\"more-link-2\"><a href=\"https:\/\/vosdenemarken.com\/da\/about-us\/\">Read More<\/a><\/span><\/div>\n","protected":false},"author":1,"featured_media":0,"parent":0,"menu_order":0,"comment_status":"open","ping_status":"open","template":"full_width.php","meta":{"footnotes":""},"_links":{"self":[{"href":"https:\/\/vosdenemarken.com\/da\/wp-json\/wp\/v2\/pages\/17"}],"collection":[{"href":"https:\/\/vosdenemarken.com\/da\/wp-json\/wp\/v2\/pages"}],"about":[{"href":"https:\/\/vosdenemarken.com\/da\/wp-json\/wp\/v2\/types\/page"}],"author":[{"embeddable":true,"href":"https:\/\/vosdenemarken.com\/da\/wp-json\/wp\/v2\/users\/1"}],"replies":[{"embeddable":true,"href":"https:\/\/vosdenemarken.com\/da\/wp-json\/wp\/v2\/comments?post=17"}],"version-history":[{"count":3,"href":"https:\/\/vosdenemarken.com\/da\/wp-json\/wp\/v2\/pages\/17\/revisions"}],"predecessor-version":[{"id":117,"href":"https:\/\/vosdenemarken.com\/da\/wp-json\/wp\/v2\/pages\/17\/revisions\/117"}],"wp:attachment":[{"href":"https:\/\/vosdenemarken.com\/da\/wp-json\/wp\/v2\/media?parent=17"}],"curies":[{"name":"wp","href":"https:\/\/api.w.org\/{rel}","templated":true}]}}