{"id":5,"date":"2011-10-18T08:37:00","date_gmt":"2011-10-18T08:37:00","guid":{"rendered":"http:\/\/dev.vosdenemarken.com\/da\/?page_id=5"},"modified":"2023-09-27T10:34:50","modified_gmt":"2023-09-27T08:34:50","slug":"homepage","status":"publish","type":"page","link":"https:\/\/vosdenemarken.com\/da\/homepage\/","title":{"rendered":"Homepage"},"content":{"rendered":"<p>Vos Blomster har v\u00e6ret en p\u00e5lidelig hollandsk blomsterleverand\u00f8r i 18 \u00e5r.<\/p>\n<p>Vores m\u00e5ls\u00e6tning er; at levere den bedste kvalitet til en fair pris til danske blomsterhandlere og havecentre.<\/p>\n<p>Vores fagkyndige medarbejdere er dagligt besk\u00e6ftiget med at udv\u00e6lge vores produkter, s\u00e5 vi kan tilbyde vores kunder h\u00f8j kvalitet.<\/p>\n<p>Vi er specialiseret i levering til blomsterhandlere og havecentre i hele Danmark med vores fragtvogne.<\/p>\n","protected":false},"excerpt":{"rendered":"<p> &hellip; <\/p>\n<div class=\"more-diva-2\"><span class=\"more-link-2\"><a href=\"https:\/\/vosdenemarken.com\/da\/homepage\/\">Read More<\/a><\/span><\/div>\n","protected":false},"author":1,"featured_media":0,"parent":0,"menu_order":0,"comment_status":"open","ping_status":"open","template":"","meta":{"footnotes":""},"_links":{"self":[{"href":"https:\/\/vosdenemarken.com\/da\/wp-json\/wp\/v2\/pages\/5"}],"collection":[{"href":"https:\/\/vosdenemarken.com\/da\/wp-json\/wp\/v2\/pages"}],"about":[{"href":"https:\/\/vosdenemarken.com\/da\/wp-json\/wp\/v2\/types\/page"}],"author":[{"embeddable":true,"href":"https:\/\/vosdenemarken.com\/da\/wp-json\/wp\/v2\/users\/1"}],"replies":[{"embeddable":true,"href":"https:\/\/vosdenemarken.com\/da\/wp-json\/wp\/v2\/comments?post=5"}],"version-history":[{"count":3,"href":"https:\/\/vosdenemarken.com\/da\/wp-json\/wp\/v2\/pages\/5\/revisions"}],"predecessor-version":[{"id":121,"href":"https:\/\/vosdenemarken.com\/da\/wp-json\/wp\/v2\/pages\/5\/revisions\/121"}],"wp:attachment":[{"href":"https:\/\/vosdenemarken.com\/da\/wp-json\/wp\/v2\/media?parent=5"}],"curies":[{"name":"wp","href":"https:\/\/api.w.org\/{rel}","templated":true}]}}